{"id":18260,"date":"2026-02-23T12:28:50","date_gmt":"2026-02-23T11:28:50","guid":{"rendered":"https:\/\/www.ellab.com\/karriere\/"},"modified":"2026-03-30T12:12:42","modified_gmt":"2026-03-30T10:12:42","slug":"karriere","status":"publish","type":"page","link":"https:\/\/www.ellab.pro\/de\/arbeiten-bei-ellab\/karriere\/","title":{"rendered":"Karriere"},"content":{"rendered":"\t\t<div data-elementor-type=\"wp-page\" data-elementor-id=\"18260\" class=\"elementor elementor-18260 elementor-8886\" data-elementor-post-type=\"page\">\n\t\t\t\t<div class=\"elementor-element elementor-element-bd919fb e-con-full e-flex e-con e-parent\" data-id=\"bd919fb\" data-element_type=\"container\" data-e-type=\"container\">\n\t\t\t\t<div class=\"elementor-element elementor-element-c2ec2f4 elementor-widget elementor-widget-hero_ellab\" data-id=\"c2ec2f4\" data-element_type=\"widget\" data-e-type=\"widget\" data-widget_type=\"hero_ellab.default\">\n\t\t\t\t<div class=\"elementor-widget-container\">\n\t\t\t\t\t\r\n<section id=\"ellab-hero-c2ec2f4\" class=\"d-flex align-items-center px-3 px-md-0 bg-primary\" style=\"min-height: 100vh;\">\r\n    <div class=\"container\">\r\n        <div class=\"row justify-content-start\">\r\n\r\n            \r\n            <div class=\"col-12 col-md-12\">\r\n\r\n\r\n                \r\n                \r\n                                    <h1 class=\"custom-title fs-56 fw-semibold mb-5 text-white\">\r\n                        <span class=\"text-white\">Karrierem\u00f6glichkeiten<br class=\"desktop-br\">\nbei <span class=\"text-secondary\">Ellab<\/span><\/span>                    <\/h1>\r\n                \r\n                \r\n                                    <h6 class=\"hero-subtitle fs-24 fw-semibold mb-4 text-white w-100 w-md-50\">\r\n                        Gemeinsam arbeiten wir daran, die Sicherheit von Produkten zu gew\u00e4hrleisten, auf die Menschen weltweit t\u00e4glich vertrauen. <br \/>\n<br \/>\nM\u00f6chtest du Teil dieser Mission werden? Dann entdecke unsere offenen Stellen hier und auf LinkedIn.                     <\/h6>\r\n                \r\n                \r\n                                                        <a href=\"https:\/\/www.linkedin.com\/jobs\/search\/?currentJobId=3939041109&amp;f_C=1457344%2C14821196&amp;geoId=92000000&amp;origin=COMPANY_PAGE_JOBS_CLUSTER_EXPANSION&amp;originToLandingJobPostings=3939041109%2C3920613694%2C3935650898%2C3927664222%2C3925042422%2C3927670424%2C3935616148%2C3935614886%2C3935618915\"\r\n                        class=\"btn btn-sm mt-4 btn-light\"\r\n                        >\r\n                        Weitere offene Stellen auf LinkedIn ansehen                    <\/a>\r\n                            <\/div>\r\n        <\/div>\r\n    <\/div>\r\n<\/section>\r\n\r\n\r\n<style>\r\n    #ellab-hero-c2ec2f4 {\r\n        background-image: url('https:\/\/www.ellab.pro\/wp-content\/uploads\/2025\/10\/career-bg-hero.jpg');\r\n        background-size: cover;\r\n        background-repeat: no-repeat;\r\n        background-position: center center;\r\n    }\r\n\r\n    @media (max-width: 767px) {\r\n        #ellab-hero-c2ec2f4 {\r\n            background-image: url('https:\/\/www.ellab.pro\/wp-content\/uploads\/2025\/10\/career-bg-hero.jpg');\r\n            background-position: center center;\r\n        }\r\n    }\r\n<\/style>\t\t\t\t<\/div>\n\t\t\t\t<\/div>\n\t\t\t\t<\/div>\n\t\t<div class=\"elementor-element elementor-element-fbf68c9 e-flex e-con-boxed e-con e-parent\" data-id=\"fbf68c9\" data-element_type=\"container\" data-e-type=\"container\">\n\t\t\t\t\t<div class=\"e-con-inner\">\n\t\t\t\t<div class=\"elementor-element elementor-element-7c9c649 elementor-widget elementor-widget-html\" data-id=\"7c9c649\" data-element_type=\"widget\" data-e-type=\"widget\" data-widget_type=\"html.default\">\n\t\t\t\t\t<!-- iFrame Resizer -->\n<script type=\"text\/javascript\" src=\"https:\/\/cdn-recruiter.hr-manager.net\/Scripts\/iframeResizer.min.js\"><\/script>\n<!-- iFrame -->\n<iframe src=\"https:\/\/candidate.hr-manager.net\/vacancies\/list.aspx?customer=ellab_tr&amp;uiculture=en\" width=\"100%\" frameborder=\"0\" scrolling=\"no\" style=\"margin-top:-130px;\"><\/iframe>\n<script>iFrameResize({log:true})<\/script>\t\t\t\t<\/div>\n\t\t\t\t\t<\/div>\n\t\t\t\t<\/div>\n\t\t\t\t<\/div>\n\t\t","protected":false},"excerpt":{"rendered":"<p>Karrierem\u00f6glichkeiten bei Ellab Gemeinsam arbeiten wir daran, die Sicherheit von Produkten zu gew\u00e4hrleisten, auf die Menschen weltweit t\u00e4glich vertrauen. M\u00f6chtest du Teil dieser Mission werden? Dann entdecke unsere offenen Stellen hier und auf LinkedIn. Weitere offene Stellen auf LinkedIn ansehen<\/p>\n","protected":false},"author":2456,"featured_media":0,"parent":18266,"menu_order":0,"comment_status":"closed","ping_status":"closed","template":"page-templates\/modules.php","meta":{"footnotes":""},"class_list":["post-18260","page","type-page","status-publish","hentry"],"yoast_head":"<!-- This site is optimized with the Yoast SEO Premium plugin v27.3 (Yoast SEO v27.3) - https:\/\/yoast.com\/product\/yoast-seo-premium-wordpress\/ -->\n<title>Karrierem\u00f6glichkeiten bei Ellab | Offene Stellen entdecken<\/title>\n<meta name=\"description\" content=\"Schauen Sie vorbei und begleiten Sie uns auf unserem Weg, dazu beizutragen, die Sicherheit von Verbrauchern und Patienten weltweit zu gew\u00e4hrleisten.\" \/>\n<meta name=\"robots\" content=\"noindex, follow, max-snippet:-1, max-image-preview:large, max-video-preview:-1\" \/>\n<meta property=\"og:locale\" content=\"de_DE\" \/>\n<meta property=\"og:type\" content=\"article\" \/>\n<meta property=\"og:title\" content=\"Karriere\" \/>\n<meta property=\"og:description\" content=\"Schauen Sie vorbei und begleiten Sie uns auf unserem Weg, dazu beizutragen, die Sicherheit von Verbrauchern und Patienten weltweit zu gew\u00e4hrleisten.\" \/>\n<meta property=\"og:url\" content=\"https:\/\/www.ellab.pro\/de\/arbeiten-bei-ellab\/karriere\/\" \/>\n<meta property=\"og:site_name\" content=\"Ellab\" \/>\n<meta property=\"article:modified_time\" content=\"2026-03-30T10:12:42+00:00\" \/>\n<meta name=\"twitter:card\" content=\"summary_large_image\" \/>\n<script type=\"application\/ld+json\" class=\"yoast-schema-graph\">{\"@context\":\"https:\\\/\\\/schema.org\",\"@graph\":[{\"@type\":\"WebPage\",\"@id\":\"https:\\\/\\\/www.ellab.pro\\\/de\\\/arbeiten-bei-ellab\\\/karriere\\\/\",\"url\":\"https:\\\/\\\/www.ellab.pro\\\/de\\\/arbeiten-bei-ellab\\\/karriere\\\/\",\"name\":\"Karrierem\u00f6glichkeiten bei Ellab | Offene Stellen entdecken\",\"isPartOf\":{\"@id\":\"https:\\\/\\\/www.ellab.pro\\\/de\\\/#website\"},\"datePublished\":\"2026-02-23T11:28:50+00:00\",\"dateModified\":\"2026-03-30T10:12:42+00:00\",\"description\":\"Schauen Sie vorbei und begleiten Sie uns auf unserem Weg, dazu beizutragen, die Sicherheit von Verbrauchern und Patienten weltweit zu gew\u00e4hrleisten.\",\"breadcrumb\":{\"@id\":\"https:\\\/\\\/www.ellab.pro\\\/de\\\/arbeiten-bei-ellab\\\/karriere\\\/#breadcrumb\"},\"inLanguage\":\"de\",\"potentialAction\":[{\"@type\":\"ReadAction\",\"target\":[\"https:\\\/\\\/www.ellab.pro\\\/de\\\/arbeiten-bei-ellab\\\/karriere\\\/\"]}]},{\"@type\":\"BreadcrumbList\",\"@id\":\"https:\\\/\\\/www.ellab.pro\\\/de\\\/arbeiten-bei-ellab\\\/karriere\\\/#breadcrumb\",\"itemListElement\":[{\"@type\":\"ListItem\",\"position\":1,\"name\":\"Home\",\"item\":\"https:\\\/\\\/www.ellab.pro\\\/de\\\/home\\\/\"},{\"@type\":\"ListItem\",\"position\":2,\"name\":\"Arbeiten bei Ellab\",\"item\":\"https:\\\/\\\/www.ellab.pro\\\/de\\\/arbeiten-bei-ellab\\\/\"},{\"@type\":\"ListItem\",\"position\":3,\"name\":\"Karriere\"}]},{\"@type\":\"WebSite\",\"@id\":\"https:\\\/\\\/www.ellab.pro\\\/de\\\/#website\",\"url\":\"https:\\\/\\\/www.ellab.pro\\\/de\\\/\",\"name\":\"Ellab\",\"description\":\"\",\"potentialAction\":[{\"@type\":\"SearchAction\",\"target\":{\"@type\":\"EntryPoint\",\"urlTemplate\":\"https:\\\/\\\/www.ellab.pro\\\/de\\\/?s={search_term_string}\"},\"query-input\":{\"@type\":\"PropertyValueSpecification\",\"valueRequired\":true,\"valueName\":\"search_term_string\"}}],\"inLanguage\":\"de\"}]}<\/script>\n<!-- \/ Yoast SEO Premium plugin. -->","yoast_head_json":{"title":"Karrierem\u00f6glichkeiten bei Ellab | Offene Stellen entdecken","description":"Schauen Sie vorbei und begleiten Sie uns auf unserem Weg, dazu beizutragen, die Sicherheit von Verbrauchern und Patienten weltweit zu gew\u00e4hrleisten.","robots":{"index":"noindex","follow":"follow","max-snippet":"max-snippet:-1","max-image-preview":"max-image-preview:large","max-video-preview":"max-video-preview:-1"},"og_locale":"de_DE","og_type":"article","og_title":"Karriere","og_description":"Schauen Sie vorbei und begleiten Sie uns auf unserem Weg, dazu beizutragen, die Sicherheit von Verbrauchern und Patienten weltweit zu gew\u00e4hrleisten.","og_url":"https:\/\/www.ellab.pro\/de\/arbeiten-bei-ellab\/karriere\/","og_site_name":"Ellab","article_modified_time":"2026-03-30T10:12:42+00:00","twitter_card":"summary_large_image","schema":{"@context":"https:\/\/schema.org","@graph":[{"@type":"WebPage","@id":"https:\/\/www.ellab.pro\/de\/arbeiten-bei-ellab\/karriere\/","url":"https:\/\/www.ellab.pro\/de\/arbeiten-bei-ellab\/karriere\/","name":"Karrierem\u00f6glichkeiten bei Ellab | Offene Stellen entdecken","isPartOf":{"@id":"https:\/\/www.ellab.pro\/de\/#website"},"datePublished":"2026-02-23T11:28:50+00:00","dateModified":"2026-03-30T10:12:42+00:00","description":"Schauen Sie vorbei und begleiten Sie uns auf unserem Weg, dazu beizutragen, die Sicherheit von Verbrauchern und Patienten weltweit zu gew\u00e4hrleisten.","breadcrumb":{"@id":"https:\/\/www.ellab.pro\/de\/arbeiten-bei-ellab\/karriere\/#breadcrumb"},"inLanguage":"de","potentialAction":[{"@type":"ReadAction","target":["https:\/\/www.ellab.pro\/de\/arbeiten-bei-ellab\/karriere\/"]}]},{"@type":"BreadcrumbList","@id":"https:\/\/www.ellab.pro\/de\/arbeiten-bei-ellab\/karriere\/#breadcrumb","itemListElement":[{"@type":"ListItem","position":1,"name":"Home","item":"https:\/\/www.ellab.pro\/de\/home\/"},{"@type":"ListItem","position":2,"name":"Arbeiten bei Ellab","item":"https:\/\/www.ellab.pro\/de\/arbeiten-bei-ellab\/"},{"@type":"ListItem","position":3,"name":"Karriere"}]},{"@type":"WebSite","@id":"https:\/\/www.ellab.pro\/de\/#website","url":"https:\/\/www.ellab.pro\/de\/","name":"Ellab","description":"","potentialAction":[{"@type":"SearchAction","target":{"@type":"EntryPoint","urlTemplate":"https:\/\/www.ellab.pro\/de\/?s={search_term_string}"},"query-input":{"@type":"PropertyValueSpecification","valueRequired":true,"valueName":"search_term_string"}}],"inLanguage":"de"}]}},"_links":{"self":[{"href":"https:\/\/www.ellab.pro\/de\/wp-json\/wp\/v2\/pages\/18260","targetHints":{"allow":["GET"]}}],"collection":[{"href":"https:\/\/www.ellab.pro\/de\/wp-json\/wp\/v2\/pages"}],"about":[{"href":"https:\/\/www.ellab.pro\/de\/wp-json\/wp\/v2\/types\/page"}],"author":[{"embeddable":true,"href":"https:\/\/www.ellab.pro\/de\/wp-json\/wp\/v2\/users\/2456"}],"replies":[{"embeddable":true,"href":"https:\/\/www.ellab.pro\/de\/wp-json\/wp\/v2\/comments?post=18260"}],"version-history":[{"count":2,"href":"https:\/\/www.ellab.pro\/de\/wp-json\/wp\/v2\/pages\/18260\/revisions"}],"predecessor-version":[{"id":21535,"href":"https:\/\/www.ellab.pro\/de\/wp-json\/wp\/v2\/pages\/18260\/revisions\/21535"}],"up":[{"embeddable":true,"href":"https:\/\/www.ellab.pro\/de\/wp-json\/wp\/v2\/pages\/18266"}],"wp:attachment":[{"href":"https:\/\/www.ellab.pro\/de\/wp-json\/wp\/v2\/media?parent=18260"}],"curies":[{"name":"wp","href":"https:\/\/api.w.org\/{rel}","templated":true}]}}