{"id":16802,"date":"2026-03-12T13:36:05","date_gmt":"2026-03-12T12:36:05","guid":{"rendered":"https:\/\/www.ellab.com\/aviso-legal-2\/"},"modified":"2026-03-23T16:50:42","modified_gmt":"2026-03-23T15:50:42","slug":"aviso-legal","status":"publish","type":"page","link":"https:\/\/www.ellab.pro\/es\/sobre-ellab\/aviso-legal\/","title":{"rendered":"Aviso legal"},"content":{"rendered":"\t\t<div data-elementor-type=\"wp-page\" data-elementor-id=\"16802\" class=\"elementor elementor-16802 elementor-13521\" data-elementor-post-type=\"page\">\n\t\t\t\t<div class=\"elementor-element elementor-element-e01dde1 e-con-full e-flex e-con e-parent\" data-id=\"e01dde1\" data-element_type=\"container\" data-e-type=\"container\">\n\t\t\t\t<div class=\"elementor-element elementor-element-072382a elementor-widget elementor-widget-hero_ellab\" data-id=\"072382a\" data-element_type=\"widget\" data-e-type=\"widget\" data-widget_type=\"hero_ellab.default\">\n\t\t\t\t<div class=\"elementor-widget-container\">\n\t\t\t\t\t\r\n<section id=\"ellab-hero-072382a\" class=\"d-flex align-items-center px-3 px-md-0 bg-primary\" style=\"min-height: 60vh;\">\r\n    <div class=\"container\">\r\n        <div class=\"row justify-content-start\">\r\n\r\n            \r\n            <div class=\"col-12 col-md-12\">\r\n\r\n\r\n                \r\n                \r\n                                    <h1 class=\"custom-title fs-56 fw-semibold mb-5 text-white\">\r\n                        <span class=\"text-white\">Aviso legal<\/span>                    <\/h1>\r\n                \r\n                \r\n                                    <h6 class=\"hero-subtitle fs-24 fw-semibold mb-4 text-white w-100 w-md-50\">\r\n                        Esta p\u00e1gina proporciona informaci\u00f3n legal relativa al funcionamiento de este sitio web y las declaraciones legales aplicables en las diferentes jurisdicciones en las que opera Ellab.                    <\/h6>\r\n                \r\n                \r\n                            <\/div>\r\n        <\/div>\r\n    <\/div>\r\n<\/section>\r\n\r\n\r\n<style>\r\n    #ellab-hero-072382a {\r\n        background-image: url('https:\/\/www.ellab.pro\/wp-content\/uploads\/2025\/10\/documentation-hero-bg.jpg');\r\n        background-size: cover;\r\n        background-repeat: no-repeat;\r\n        background-position: top center;\r\n    }\r\n\r\n    @media (max-width: 767px) {\r\n        #ellab-hero-072382a {\r\n            background-image: none;\r\n            background-position: center center;\r\n        }\r\n    }\r\n<\/style>\t\t\t\t<\/div>\n\t\t\t\t<\/div>\n\t\t\t\t<\/div>\n\t\t<div class=\"elementor-element elementor-element-9bce7e2 e-con-full e-flex e-con e-parent\" data-id=\"9bce7e2\" data-element_type=\"container\" data-e-type=\"container\">\n\t\t\t\t<div class=\"elementor-element elementor-element-46486c9 elementor-widget elementor-widget-two_columns_ellab\" data-id=\"46486c9\" data-element_type=\"widget\" data-e-type=\"widget\" data-widget_type=\"two_columns_ellab.default\">\n\t\t\t\t<div class=\"elementor-widget-container\">\n\t\t\t\t\t\r\n<section id=\"ellab-two-columns-46486c9\"\r\n    class=\"py-4 py-lg-5 px-3 px-md-0 \">\r\n\r\n    <div class=\"container my-4 my-lg-5\">\r\n\r\n        \r\n\r\n        <div class=\"row align-items-start\">\r\n\r\n            <!-- \r\n            Left Column\r\n            -----------\r\n            -->\r\n\r\n            <div class=\"col-12 col-md-4 text-primary \">\r\n                <!-- Section Title -->\r\n                \r\n                    <h2 class=\"custom-title fs-48 fw-semibold mb-md-5 mb-5 text-primary\">\r\n                        <span class=\"text-primary\"><\/span>                    <\/h2>\r\n\r\n                \r\n\r\n                <!-- Left Subtitle -->\r\n                \r\n                <!-- Left Paragraph -->\r\n                \r\n                <!-- Left List -->\r\n                \r\n\r\n                <!-- Left Button -->\r\n                \r\n\r\n\r\n                <!-- Video Cover -->\r\n                \r\n\r\n                \r\n\r\n\r\n            <\/div>\r\n\r\n            <!-- \r\n            Right Column\r\n            ------------\r\n            -->\r\n\r\n            <div class=\"col-12 col-md-8 text-primary\">\r\n\r\n                \r\n                \r\n\r\n\r\n                \r\n                <!-- Subtitle Right -->\r\n                \r\n                <!-- Right Paragraph -->\r\n                                    <div class=\"fs-18 fw-light mb-5 text-primary lh-base wysiwyg-list\">\r\n                        <p><strong>Exenci\u00f3n de responsabilidad<\/strong><\/p>\n<p>La informaci\u00f3n facilitada en este sitio web se revisa y actualiza peri\u00f3dicamente. No obstante, la informaci\u00f3n se proporciona sin compromiso y Ellab se reserva el derecho de modificar o complementar el contenido en cualquier momento y sin previo aviso.<br \/>Aunque Ellab hace todo lo posible para garantizar que la informaci\u00f3n presentada sea precisa y est\u00e9 actualizada, no se asume ninguna responsabilidad por la exactitud, integridad o actualidad de la informaci\u00f3n facilitada. <\/p>\n<p><strong>Enlaces externos<\/strong><\/p>\n<p>En los casos en que este sitio web contenga enlaces a sitios web de terceros, Ellab no asume responsabilidad alguna por el contenido de dichos sitios web externos. La responsabilidad del contenido de los sitios enlazados recae exclusivamente en sus respectivos operadores. <\/p>\n<p><strong>Derechos de autor<\/strong><\/p>\n<p>Todo el contenido publicado en este sitio web, incluidos textos, gr\u00e1ficos e im\u00e1genes, est\u00e1 protegido por la ley de propiedad intelectual. Todos los derechos est\u00e1n reservados por la entidad de Ellab correspondiente. Queda prohibida cualquier reproducci\u00f3n comercial, distribuci\u00f3n u otro uso comercial del contenido o la informaci\u00f3n proporcionada en este sitio web, especialmente gr\u00e1ficos o im\u00e1genes, sin el consentimiento previo por escrito de la entidad de Ellab pertinente.  <\/p>\n                    <\/div>\r\n                \r\n\r\n                \r\n                <!-- Right Title -->\r\n                                                        <h6 class=\"fs-36 fw-semibold mt-5 mb-4 text-primary\">\r\n                        Informaci\u00f3n legal por ubicaci\u00f3n                    <\/h6>\r\n                \r\n                <!-- Paragraph 2 -->\r\n                                    <span class=\"fs-18 fs-light mb-5 text-primary lh-base\"><p><strong>Alemania<\/strong><br \/>Ellab GmbH<br \/>An der Autobahn 5<br \/>27404 Bockel<br \/>Alemania<\/p>\n<p>Tel\u00e9fono:<br \/>+49 4286 92662 0<br \/>Correo electr\u00f3nico:<br \/>germany@ellab.com<\/p>\n<p>Director gerente: Kevin Behrmann<br \/>Registro mercantil: Juzgado de Primera Instancia (Amtsgericht) de Tostedt<br \/>N\u00famero de registro: HRB 120373<br \/>Domicilio social: Bockel, Alemania<br \/>N\u00famero de identificaci\u00f3n fiscal (IVA): DE813013495<\/p>\n<p><strong>Francia<\/strong><br \/>Ellab S.A.R.L<br \/>30 Rue Pr\u00e9-Gaudry<br \/>69007 Lyon<br \/>Francia<\/p>\n<p>Tel\u00e9fono: 03.44.23.02.57<br \/>Correo electr\u00f3nico: france@ellab.com<\/p>\n<p>Director gerente: Gregory Axus<br \/>Registro de la empresa (SIRET): 443 883 723 00027<br \/>R.C.S Lyon: 443 883 723<\/p>\n<p>C\u00f3digo NAF: 4669B \u2013 N\/ID<br \/>N\u00famero de IVA: FR 67 443 883 723<\/p>\n<p>N\u00famero de autorizaci\u00f3n de formaci\u00f3n: 22 60 02 63 960<\/p>\n<p><strong>Operador del sitio web<\/strong><br \/>El operador de este sitio web es:<br \/>Ellab A\/S<br \/>Trollesmindealle 25<br \/>3400 Hiller\u00f8d<br \/>Dinamarca<\/p>\n<p>Tel\u00e9fono: +45 4452 0500<br \/>Correo electr\u00f3nico: info@ellab.com<\/p>\n<p>Registro mercantil de Dinamarca: CVR n.\u00ba 20896949<br \/>N\u00famero de IVA: DK20896949<\/p>\n<\/span>\r\n                \r\n                \r\n                \r\n                <!-- Bottom Cards -->\r\n                \r\n\r\n                \r\n                <!-- Fila de dos columnas -->\r\n                \r\n\r\n                \r\n\r\n\r\n                \r\n\r\n\r\n                \r\n\r\n                <!-- Iframe para cargar el formulario -->\r\n                \r\n                <!-- Form deshabilitado, se usar\u00e1 un iframe para cargar el formulario -->\r\n                \r\n                \r\n\r\n\r\n\r\n\r\n            <\/div>\r\n\r\n            \r\n\r\n            \r\n\r\n            \r\n\r\n        <\/div>\r\n    <\/div>\r\n\r\n\r\n    <!---------------\r\n    SECTION READ MORE\r\n    -----------------\r\n    -->\r\n\r\n    \r\n    <!-- \r\n    Section Services List\r\n    ---------------------\r\n    -->\r\n\r\n    \r\n\r\n    \r\n<\/section>\r\n\r\n\r\n<style>\r\n    \/* ===========================\r\n       BACKGROUND SECTION\r\n       =========================== *\/\r\n    #ellab-two-columns-46486c9 {\r\n        background-image: url('');\r\n        background-repeat: no-repeat;\r\n        background-position: center right;\r\n        background-size: contain;\r\n            }\r\n\r\n    @media (max-width: 768px) {\r\n        #ellab-two-columns-46486c9 {\r\n            background-position: center right;\r\n            background-image: none;\r\n        }\r\n    }\r\n\r\n    @media (min-width: 992px) {\r\n        #ellab-two-columns-46486c9 .container {\r\n            min-height: 20vh;\r\n        }\r\n    }\r\n\r\n\r\n    \/* ===========================\r\n       MATRIX SECTION\r\n       =========================== *\/\r\n    .matrix-icon svg {\r\n        max-height: 30px;\r\n        width: auto;\r\n    }\r\n\r\n    @media (max-width: 767px) {\r\n        .matrix-icon svg {\r\n            max-height: 20px;\r\n        }\r\n    }\r\n\r\n    @media (max-width: 767px) {\r\n        .header-text-vertical {\r\n            writing-mode: vertical-rl;\r\n            transform: rotate(180deg);\r\n            white-space: nowrap;\r\n            height: 100px;\r\n            line-height: 1.2;\r\n        }\r\n    }\r\n\r\n\r\n    \/* ===========================\r\n       LEFT AND RIGHT PARAGRAPH - LIST\r\n       =========================== *\/\r\n    .wysiwyg-list ul {\r\n        list-style: none;\r\n        padding-left: 1.2rem;\r\n    }\r\n\r\n    .wysiwyg-list ul li {\r\n        position: relative;\r\n        margin-bottom: 0.6rem;\r\n    }\r\n\r\n    .wysiwyg-list ul li::before {\r\n        content: \"\";\r\n        position: absolute;\r\n        left: -1.2rem;\r\n        top: 0.55rem;\r\n        width: 6px;\r\n        height: 6px;\r\n        \/*background-color: #A01966;*\/\r\n        background-color: #00004b;\r\n        border-radius: 50%;\r\n    }\r\n\r\n\r\n    \/* ===========================\r\n       CUSTOM FORM\r\n       =========================== \r\n    .custom-form .form-control,\r\n    .custom-form .form-select {\r\n        background-color: #ffffff;\r\n        border: 1px solid #ced4da;\r\n        padding: 16px 20px;\r\n        border-radius: 8px;\r\n        color: #00004b !important;\r\n    }\r\n\r\n    .custom-form .form-control:focus,\r\n    .custom-form .form-select:focus {\r\n        border-color: transparent;\r\n        box-shadow: none;\r\n    }\r\n\r\n    .custom-form .form-select {\r\n        -webkit-appearance: none;\r\n        -moz-appearance: none;\r\n        appearance: none;\r\n    }\r\n\r\n    .custom-form .form-select-wrapper {\r\n        position: relative;\r\n    }\r\n\r\n    .custom-form .form-select-wrapper::after {\r\n        content: '';\r\n        position: absolute;\r\n        top: 50%;\r\n        right: 12px;\r\n        width: 10px;\r\n        height: 10px;\r\n        background-color: #198754;\r\n        clip-path: polygon(100% 0%, 0 0%, 50% 100%);\r\n        transform: translateY(-50%);\r\n        pointer-events: none;\r\n    }\r\n\r\n    .custom-form .agreement-text {\r\n        display: flex;\r\n        align-items: flex-start;\r\n        gap: 16px;\r\n    }\r\n\r\n    .custom-form .agreement-text svg {\r\n        flex-shrink: 0;\r\n        width: 24px;\r\n        height: 24px;\r\n        margin-top: 2px;\r\n    }\r\n    *\/\r\n\r\n\r\n\r\n    \/* ===========================\r\n       POLICY SECTION\r\n       =========================== *\/\r\n    .policy-section2-item .bullet-text {\r\n        position: relative;\r\n        padding-left: 1rem;\r\n    }\r\n\r\n    .policy-section2-item .bullet-text::before {\r\n        content: '';\r\n        position: absolute;\r\n        left: 0;\r\n        top: 0.5em;\r\n        width: 6px;\r\n        height: 6px;\r\n        border-radius: 50%;\r\n        background-color: var(--bs-secondary);\r\n    }\r\n\r\n\r\n    \/* ===========================\r\n       IMAGES SECTION\r\n       =========================== *\/\r\n\r\n    \/* Desktop baseline behavior *\/\r\n    .left-image-block,\r\n    .right-image-block {\r\n        position: relative;\r\n        display: inline-block;\r\n    }\r\n\r\n    .left-image,\r\n    .right-image,\r\n    .center-image {\r\n        width: 100%;\r\n        height: auto;\r\n        display: block;\r\n    }\r\n\r\n    \/* Caption always inside container *\/\r\n    .image-caption {\r\n        position: absolute;\r\n        bottom: 8px;\r\n        max-width: 100%;\r\n        padding-left: 8px;\r\n    }\r\n\r\n    \/* Caption align sides *\/\r\n    .left-image-block .image-caption {\r\n        right: 8px;\r\n        text-align: right;\r\n    }\r\n\r\n    .right-image-block .image-caption {\r\n        left: 8px;\r\n        text-align: left;\r\n    }\r\n\r\n    \/* Push right image to the right *\/\r\n    .right-image-block {\r\n        transform: translateX(100px);\r\n    }\r\n\r\n    @media (max-width: 767px) {\r\n\r\n        \/* Make images full width on mobile *\/\r\n        .center-image,\r\n        .left-image,\r\n        .right-image {\r\n            width: 100% !important;\r\n        }\r\n    }\r\n\r\n    \/* ===========================\r\n   STICKY TITLE\r\n   =========================== *\/\r\n    .sticky-xl-top {\r\n        top: 180px !important;\r\n        z-index: 0 !important;\r\n    }\r\n\r\n    \/* ===========================\r\n   BOTTOM CARDS\r\n   =========================== *\/\r\n\r\n    .card-icon-bottom {\r\n        width: 40px;\r\n        height: 40px;\r\n        flex: 0 0 40px;\r\n        \/* Evita que el icono se estire o encoja en flex *\/\r\n        display: flex;\r\n        align-items: center;\r\n        justify-content: center;\r\n        \/* Centra el icono dentro del contenedor *\/\r\n    }\r\n\r\n    .card-icon-bottom img {\r\n        width: 100%;\r\n        height: 100%;\r\n        object-fit: contain;\r\n        \/* Mantiene la proporci\u00f3n del SVG *\/\r\n    }\r\n\r\n    \/* ===========================\r\n   VIDEO\r\n   =========================== *\/\r\n\r\n    .video-embed-container iframe {\r\n        width: 100%;\r\n        height: 100%;\r\n        border: none;\r\n        display: block;\r\n    }\r\n\r\n    .video-embed-container {\r\n        animation: fadeInVideo 0.3s ease;\r\n    }\r\n\r\n    @keyframes fadeInVideo {\r\n        from {\r\n            opacity: 0;\r\n            transform: scale(0.97);\r\n        }\r\n\r\n        to {\r\n            opacity: 1;\r\n            transform: scale(1);\r\n        }\r\n    }\r\n\r\n    .video-cover-trigger {\r\n        transform: translateZ(0);\r\n        backface-visibility: hidden;\r\n    }\r\n\r\n    .video-cover-trigger .play-icon-wrap {\r\n        position: absolute;\r\n        top: 50%;\r\n        left: 50%;\r\n        transform: translate(-50%, -50%) scale(1);\r\n        display: inline-block;\r\n        cursor: pointer;\r\n        transition: transform 0.25s ease;\r\n        backface-visibility: hidden;\r\n    }\r\n\r\n    .video-cover-trigger .play-icon-wrap:hover {\r\n        transform: translate(-50%, -50%) scale(1.1);\r\n    }\r\n\r\n    .video-cover-trigger .play-icon-wrap svg,\r\n    .video-cover-trigger .play-icon-wrap i {\r\n        pointer-events: none;\r\n        display: block;\r\n    }\r\n<\/style>\r\n\r\n<script>\r\n    \/\/ READ MORE MODULE\r\n    document.addEventListener('DOMContentLoaded', function() {\r\n        const btn = document.getElementById('readmore-btn-46486c9');\r\n        const content = document.getElementById('readmore-content-46486c9');\r\n        \/\/ Solo si existen ambos elementos\r\n        if (btn && content) {\r\n            btn.addEventListener('click', function() {\r\n                const isVisible = content.classList.contains('d-block');\r\n                if (isVisible) {\r\n                    content.classList.remove('d-block');\r\n                    content.classList.add('d-none');\r\n                    btn.innerHTML = 'Read More <svg xmlns=\"http:\/\/www.w3.org\/2000\/svg\" height=\"24px\" viewBox=\"0 -960 960 960\" width=\"24px\" fill=\"#e3e3e3\"><path d=\"M480-344 240-584l56-56 184 184 184-184 56 56-240 240Z\"\/><\/svg>';\r\n                    btn.classList.remove('mt-5');\r\n                } else {\r\n                    content.classList.remove('d-none');\r\n                    content.classList.add('d-block');\r\n                    btn.innerHTML = 'Read Less <svg xmlns=\"http:\/\/www.w3.org\/2000\/svg\" height=\"24px\" viewBox=\"0 -960 960 960\" width=\"24px\" fill=\"#e3e3e3\"><path d=\"M480-528 296-344l-56-56 240-240 240 240-56 56-184-184Z\"\/><\/svg>';\r\n                    btn.classList.add('mt-5');\r\n                }\r\n            });\r\n        }\r\n    });\r\n\r\n    document.querySelectorAll('.video-cover-trigger').forEach(function(trigger) {\r\n        trigger.addEventListener('click', function() {\r\n            var videoId = this.dataset.videoId;\r\n            if (!videoId) return;\r\n\r\n            var wrapper = this.closest('.video-cover');\r\n            var container = wrapper.querySelector('.video-embed-container');\r\n\r\n            \/\/ Match iframe size to cover dimensions\r\n            var w = wrapper.offsetWidth;\r\n            var h = wrapper.offsetHeight;\r\n\r\n            \/\/ Size the wrapper explicitly so absolute children respect it\r\n            wrapper.style.width = w + 'px';\r\n            wrapper.style.height = h + 'px';\r\n\r\n            \/\/ Inject iframe with autoplay\r\n            container.innerHTML = '<iframe src=\"https:\/\/www.youtube.com\/embed\/' + videoId + '?autoplay=1&rel=0\" allowfullscreen allow=\"autoplay; encrypted-media\"><\/iframe>';\r\n\r\n            \/\/ Show iframe ON TOP of cover \u2014 do NOT hide the trigger\r\n            container.style.width = '100%';\r\n            container.style.height = '100%';\r\n            container.style.display = 'block';\r\n        });\r\n    });\r\n<\/script>\t\t\t\t<\/div>\n\t\t\t\t<\/div>\n\t\t\t\t<\/div>\n\t\t\t\t<\/div>\n\t\t","protected":false},"excerpt":{"rendered":"<p>Aviso legal Esta p\u00e1gina proporciona informaci\u00f3n legal relativa al funcionamiento de este sitio web y las declaraciones legales aplicables en las diferentes jurisdicciones en las que opera Ellab. Exenci\u00f3n de responsabilidad La informaci\u00f3n facilitada en este sitio web se revisa y actualiza peri\u00f3dicamente. No obstante, la informaci\u00f3n se proporciona sin compromiso y Ellab se reserva [&hellip;]<\/p>\n","protected":false},"author":2456,"featured_media":0,"parent":17730,"menu_order":0,"comment_status":"closed","ping_status":"closed","template":"page-templates\/modules.php","meta":{"footnotes":""},"class_list":["post-16802","page","type-page","status-publish","hentry"],"yoast_head":"<!-- This site is optimized with the Yoast SEO Premium plugin v27.3 (Yoast SEO v27.3) - https:\/\/yoast.com\/product\/yoast-seo-premium-wordpress\/ -->\n<title>Aviso legal<\/title>\n<meta name=\"description\" content=\"Esta p\u00e1gina proporciona informaci\u00f3n legal relativa al funcionamiento de este sitio web y las declaraciones legales aplicables en las diferentes jurisdicciones en las que opera Ellab.\" \/>\n<meta name=\"robots\" content=\"noindex, follow, max-snippet:-1, max-image-preview:large, max-video-preview:-1\" \/>\n<meta property=\"og:locale\" content=\"es_ES\" \/>\n<meta property=\"og:type\" content=\"article\" \/>\n<meta property=\"og:title\" content=\"Aviso legal\" \/>\n<meta property=\"og:description\" content=\"Esta p\u00e1gina proporciona informaci\u00f3n legal relativa al funcionamiento de este sitio web y las declaraciones legales aplicables en las diferentes jurisdicciones en las que opera Ellab.\" \/>\n<meta property=\"og:url\" content=\"https:\/\/www.ellab.pro\/es\/sobre-ellab\/aviso-legal\/\" \/>\n<meta property=\"og:site_name\" content=\"Ellab\" \/>\n<meta property=\"article:modified_time\" content=\"2026-03-23T15:50:42+00:00\" \/>\n<meta name=\"twitter:card\" content=\"summary_large_image\" \/>\n<meta name=\"twitter:label1\" content=\"Tiempo de lectura\" \/>\n\t<meta name=\"twitter:data1\" content=\"2 minutos\" \/>\n<script type=\"application\/ld+json\" class=\"yoast-schema-graph\">{\"@context\":\"https:\\\/\\\/schema.org\",\"@graph\":[{\"@type\":\"WebPage\",\"@id\":\"https:\\\/\\\/www.ellab.pro\\\/es\\\/sobre-ellab\\\/aviso-legal\\\/\",\"url\":\"https:\\\/\\\/www.ellab.pro\\\/es\\\/sobre-ellab\\\/aviso-legal\\\/\",\"name\":\"Aviso legal\",\"isPartOf\":{\"@id\":\"https:\\\/\\\/www.ellab.pro\\\/es\\\/#website\"},\"datePublished\":\"2026-03-12T12:36:05+00:00\",\"dateModified\":\"2026-03-23T15:50:42+00:00\",\"description\":\"Esta p\u00e1gina proporciona informaci\u00f3n legal relativa al funcionamiento de este sitio web y las declaraciones legales aplicables en las diferentes jurisdicciones en las que opera Ellab.\",\"breadcrumb\":{\"@id\":\"https:\\\/\\\/www.ellab.pro\\\/es\\\/sobre-ellab\\\/aviso-legal\\\/#breadcrumb\"},\"inLanguage\":\"es\",\"potentialAction\":[{\"@type\":\"ReadAction\",\"target\":[\"https:\\\/\\\/www.ellab.pro\\\/es\\\/sobre-ellab\\\/aviso-legal\\\/\"]}]},{\"@type\":\"BreadcrumbList\",\"@id\":\"https:\\\/\\\/www.ellab.pro\\\/es\\\/sobre-ellab\\\/aviso-legal\\\/#breadcrumb\",\"itemListElement\":[{\"@type\":\"ListItem\",\"position\":1,\"name\":\"Home\",\"item\":\"https:\\\/\\\/www.ellab.pro\\\/es\\\/home\\\/\"},{\"@type\":\"ListItem\",\"position\":2,\"name\":\"Sobre nosotros\",\"item\":\"https:\\\/\\\/www.ellab.pro\\\/es\\\/sobre-ellab\\\/\"},{\"@type\":\"ListItem\",\"position\":3,\"name\":\"Aviso legal\"}]},{\"@type\":\"WebSite\",\"@id\":\"https:\\\/\\\/www.ellab.pro\\\/es\\\/#website\",\"url\":\"https:\\\/\\\/www.ellab.pro\\\/es\\\/\",\"name\":\"Ellab\",\"description\":\"\",\"potentialAction\":[{\"@type\":\"SearchAction\",\"target\":{\"@type\":\"EntryPoint\",\"urlTemplate\":\"https:\\\/\\\/www.ellab.pro\\\/es\\\/?s={search_term_string}\"},\"query-input\":{\"@type\":\"PropertyValueSpecification\",\"valueRequired\":true,\"valueName\":\"search_term_string\"}}],\"inLanguage\":\"es\"}]}<\/script>\n<!-- \/ Yoast SEO Premium plugin. -->","yoast_head_json":{"title":"Aviso legal","description":"Esta p\u00e1gina proporciona informaci\u00f3n legal relativa al funcionamiento de este sitio web y las declaraciones legales aplicables en las diferentes jurisdicciones en las que opera Ellab.","robots":{"index":"noindex","follow":"follow","max-snippet":"max-snippet:-1","max-image-preview":"max-image-preview:large","max-video-preview":"max-video-preview:-1"},"og_locale":"es_ES","og_type":"article","og_title":"Aviso legal","og_description":"Esta p\u00e1gina proporciona informaci\u00f3n legal relativa al funcionamiento de este sitio web y las declaraciones legales aplicables en las diferentes jurisdicciones en las que opera Ellab.","og_url":"https:\/\/www.ellab.pro\/es\/sobre-ellab\/aviso-legal\/","og_site_name":"Ellab","article_modified_time":"2026-03-23T15:50:42+00:00","twitter_card":"summary_large_image","twitter_misc":{"Tiempo de lectura":"2 minutos"},"schema":{"@context":"https:\/\/schema.org","@graph":[{"@type":"WebPage","@id":"https:\/\/www.ellab.pro\/es\/sobre-ellab\/aviso-legal\/","url":"https:\/\/www.ellab.pro\/es\/sobre-ellab\/aviso-legal\/","name":"Aviso legal","isPartOf":{"@id":"https:\/\/www.ellab.pro\/es\/#website"},"datePublished":"2026-03-12T12:36:05+00:00","dateModified":"2026-03-23T15:50:42+00:00","description":"Esta p\u00e1gina proporciona informaci\u00f3n legal relativa al funcionamiento de este sitio web y las declaraciones legales aplicables en las diferentes jurisdicciones en las que opera Ellab.","breadcrumb":{"@id":"https:\/\/www.ellab.pro\/es\/sobre-ellab\/aviso-legal\/#breadcrumb"},"inLanguage":"es","potentialAction":[{"@type":"ReadAction","target":["https:\/\/www.ellab.pro\/es\/sobre-ellab\/aviso-legal\/"]}]},{"@type":"BreadcrumbList","@id":"https:\/\/www.ellab.pro\/es\/sobre-ellab\/aviso-legal\/#breadcrumb","itemListElement":[{"@type":"ListItem","position":1,"name":"Home","item":"https:\/\/www.ellab.pro\/es\/home\/"},{"@type":"ListItem","position":2,"name":"Sobre nosotros","item":"https:\/\/www.ellab.pro\/es\/sobre-ellab\/"},{"@type":"ListItem","position":3,"name":"Aviso legal"}]},{"@type":"WebSite","@id":"https:\/\/www.ellab.pro\/es\/#website","url":"https:\/\/www.ellab.pro\/es\/","name":"Ellab","description":"","potentialAction":[{"@type":"SearchAction","target":{"@type":"EntryPoint","urlTemplate":"https:\/\/www.ellab.pro\/es\/?s={search_term_string}"},"query-input":{"@type":"PropertyValueSpecification","valueRequired":true,"valueName":"search_term_string"}}],"inLanguage":"es"}]}},"_links":{"self":[{"href":"https:\/\/www.ellab.pro\/es\/wp-json\/wp\/v2\/pages\/16802","targetHints":{"allow":["GET"]}}],"collection":[{"href":"https:\/\/www.ellab.pro\/es\/wp-json\/wp\/v2\/pages"}],"about":[{"href":"https:\/\/www.ellab.pro\/es\/wp-json\/wp\/v2\/types\/page"}],"author":[{"embeddable":true,"href":"https:\/\/www.ellab.pro\/es\/wp-json\/wp\/v2\/users\/2456"}],"replies":[{"embeddable":true,"href":"https:\/\/www.ellab.pro\/es\/wp-json\/wp\/v2\/comments?post=16802"}],"version-history":[{"count":1,"href":"https:\/\/www.ellab.pro\/es\/wp-json\/wp\/v2\/pages\/16802\/revisions"}],"predecessor-version":[{"id":16803,"href":"https:\/\/www.ellab.pro\/es\/wp-json\/wp\/v2\/pages\/16802\/revisions\/16803"}],"up":[{"embeddable":true,"href":"https:\/\/www.ellab.pro\/es\/wp-json\/wp\/v2\/pages\/17730"}],"wp:attachment":[{"href":"https:\/\/www.ellab.pro\/es\/wp-json\/wp\/v2\/media?parent=16802"}],"curies":[{"name":"wp","href":"https:\/\/api.w.org\/{rel}","templated":true}]}}