{"id":18262,"date":"2026-02-23T12:28:50","date_gmt":"2026-02-23T11:28:50","guid":{"rendered":"https:\/\/www.ellab.com\/carrieres\/"},"modified":"2026-03-23T17:04:27","modified_gmt":"2026-03-23T16:04:27","slug":"carriere","status":"publish","type":"page","link":"https:\/\/www.ellab.pro\/fr\/travailler-chez-ellab\/carriere\/","title":{"rendered":"Carri\u00e8res"},"content":{"rendered":"\t\t<div data-elementor-type=\"wp-page\" data-elementor-id=\"18262\" class=\"elementor elementor-18262 elementor-8886\" data-elementor-post-type=\"page\">\n\t\t\t\t<div class=\"elementor-element elementor-element-bd919fb e-con-full e-flex e-con e-parent\" data-id=\"bd919fb\" data-element_type=\"container\" data-e-type=\"container\">\n\t\t\t\t<div class=\"elementor-element elementor-element-c2ec2f4 elementor-widget elementor-widget-hero_ellab\" data-id=\"c2ec2f4\" data-element_type=\"widget\" data-e-type=\"widget\" data-widget_type=\"hero_ellab.default\">\n\t\t\t\t<div class=\"elementor-widget-container\">\n\t\t\t\t\t\r\n<section id=\"ellab-hero-c2ec2f4\" class=\"d-flex align-items-center px-3 px-md-0 bg-primary\" style=\"min-height: 100vh;\">\r\n    <div class=\"container\">\r\n        <div class=\"row justify-content-start\">\r\n\r\n            \r\n            <div class=\"col-12 col-md-12\">\r\n\r\n\r\n                \r\n                \r\n                                    <h1 class=\"custom-title fs-56 fw-semibold mb-5 text-white\">\r\n                        <span class=\"text-white\">Opportunit\u00e9s de carri\u00e8re<br class=\"desktop-br\">\nchez <span class=\"text-secondary\">Ellab<\/span><\/span>                    <\/h1>\r\n                \r\n                \r\n                                    <h6 class=\"hero-subtitle fs-24 fw-semibold mb-4 text-white w-100 w-md-50\">\r\n                        Nous travaillons ensemble pour aider \u00e0 garantir un avenir plus s\u00fbr pour tous ceux qui d\u00e9pendent des traitements et des m\u00e9dicaments. <br \/>\n<br \/>\nVous souhaitez rejoindre notre cause ? Consultez nos postes ouverts ci-dessous et sur LinkedIn.                     <\/h6>\r\n                \r\n                \r\n                                                        <a href=\"https:\/\/www.linkedin.com\/jobs\/search\/?currentJobId=3939041109&amp;f_C=1457344%2C14821196&amp;geoId=92000000&amp;origin=COMPANY_PAGE_JOBS_CLUSTER_EXPANSION&amp;originToLandingJobPostings=3939041109%2C3920613694%2C3935650898%2C3927664222%2C3925042422%2C3927670424%2C3935616148%2C3935614886%2C3935618915\"\r\n                        class=\"btn btn-sm mt-4 btn-light\"\r\n                        >\r\n                        Voir plus de postes ouverts sur LinkedIn                    <\/a>\r\n                            <\/div>\r\n        <\/div>\r\n    <\/div>\r\n<\/section>\r\n\r\n\r\n<style>\r\n    #ellab-hero-c2ec2f4 {\r\n        background-image: url('https:\/\/www.ellab.pro\/wp-content\/uploads\/2025\/10\/career-bg-hero.jpg');\r\n        background-size: cover;\r\n        background-repeat: no-repeat;\r\n        background-position: center center;\r\n    }\r\n\r\n    @media (max-width: 767px) {\r\n        #ellab-hero-c2ec2f4 {\r\n            background-image: url('https:\/\/www.ellab.pro\/wp-content\/uploads\/2025\/10\/career-bg-hero.jpg');\r\n            background-position: center center;\r\n        }\r\n    }\r\n<\/style>\t\t\t\t<\/div>\n\t\t\t\t<\/div>\n\t\t\t\t<\/div>\n\t\t<div class=\"elementor-element elementor-element-fbf68c9 e-flex e-con-boxed e-con e-parent\" data-id=\"fbf68c9\" data-element_type=\"container\" data-e-type=\"container\">\n\t\t\t\t\t<div class=\"e-con-inner\">\n\t\t\t\t<div class=\"elementor-element elementor-element-7c9c649 elementor-widget elementor-widget-html\" data-id=\"7c9c649\" data-element_type=\"widget\" data-e-type=\"widget\" data-widget_type=\"html.default\">\n\t\t\t\t\t<!-- iFrame Resizer -->\n<script type=\"text\/javascript\" src=\"https:\/\/cdn-recruiter.hr-manager.net\/Scripts\/iframeResizer.min.js\"><\/script>\n<!-- iFrame -->\n<iframe src=\"https:\/\/candidate.hr-manager.net\/vacancies\/list.aspx?customer=ellab_tr&amp;uiculture=en\" width=\"100%\" frameborder=\"0\" scrolling=\"no\" style=\"margin-top:-130px;\"><\/iframe>\n<script>iFrameResize({log:true})<\/script>\t\t\t\t<\/div>\n\t\t\t\t\t<\/div>\n\t\t\t\t<\/div>\n\t\t\t\t<\/div>\n\t\t","protected":false},"excerpt":{"rendered":"<p>Opportunit\u00e9s de carri\u00e8re chez Ellab Nous travaillons ensemble pour aider \u00e0 garantir un avenir plus s\u00fbr pour tous ceux qui d\u00e9pendent des traitements et des m\u00e9dicaments. Vous souhaitez rejoindre notre cause ? Consultez nos postes ouverts ci-dessous et sur LinkedIn. Voir plus de postes ouverts sur LinkedIn<\/p>\n","protected":false},"author":2456,"featured_media":0,"parent":18272,"menu_order":0,"comment_status":"closed","ping_status":"closed","template":"page-templates\/modules.php","meta":{"footnotes":""},"class_list":["post-18262","page","type-page","status-publish","hentry"],"yoast_head":"<!-- This site is optimized with the Yoast SEO Premium plugin v27.3 (Yoast SEO v27.3) - https:\/\/yoast.com\/product\/yoast-seo-premium-wordpress\/ -->\n<title>Opportunit\u00e9s de carri\u00e8re chez Ellab | Consultez nos postes ouverts<\/title>\n<meta name=\"description\" content=\"Jetez un \u0153il et rejoignez-nous dans notre mission visant \u00e0 assurer la s\u00e9curit\u00e9 des consommateurs et des patients \u00e0 travers le monde.\" \/>\n<meta name=\"robots\" content=\"noindex, follow, max-snippet:-1, max-image-preview:large, max-video-preview:-1\" \/>\n<meta property=\"og:locale\" content=\"fr_FR\" \/>\n<meta property=\"og:type\" content=\"article\" \/>\n<meta property=\"og:title\" content=\"Carri\u00e8res\" \/>\n<meta property=\"og:description\" content=\"Jetez un \u0153il et rejoignez-nous dans notre mission visant \u00e0 assurer la s\u00e9curit\u00e9 des consommateurs et des patients \u00e0 travers le monde.\" \/>\n<meta property=\"og:url\" content=\"https:\/\/www.ellab.pro\/fr\/travailler-chez-ellab\/carriere\/\" \/>\n<meta property=\"og:site_name\" content=\"Ellab\" \/>\n<meta property=\"article:modified_time\" content=\"2026-03-23T16:04:27+00:00\" \/>\n<meta name=\"twitter:card\" content=\"summary_large_image\" \/>\n<script type=\"application\/ld+json\" class=\"yoast-schema-graph\">{\"@context\":\"https:\\\/\\\/schema.org\",\"@graph\":[{\"@type\":\"WebPage\",\"@id\":\"https:\\\/\\\/www.ellab.pro\\\/fr\\\/travailler-chez-ellab\\\/carriere\\\/\",\"url\":\"https:\\\/\\\/www.ellab.pro\\\/fr\\\/travailler-chez-ellab\\\/carriere\\\/\",\"name\":\"Opportunit\u00e9s de carri\u00e8re chez Ellab | Consultez nos postes ouverts\",\"isPartOf\":{\"@id\":\"https:\\\/\\\/www.ellab.pro\\\/fr\\\/#website\"},\"datePublished\":\"2026-02-23T11:28:50+00:00\",\"dateModified\":\"2026-03-23T16:04:27+00:00\",\"description\":\"Jetez un \u0153il et rejoignez-nous dans notre mission visant \u00e0 assurer la s\u00e9curit\u00e9 des consommateurs et des patients \u00e0 travers le monde.\",\"breadcrumb\":{\"@id\":\"https:\\\/\\\/www.ellab.pro\\\/fr\\\/travailler-chez-ellab\\\/carriere\\\/#breadcrumb\"},\"inLanguage\":\"fr-FR\",\"potentialAction\":[{\"@type\":\"ReadAction\",\"target\":[\"https:\\\/\\\/www.ellab.pro\\\/fr\\\/travailler-chez-ellab\\\/carriere\\\/\"]}]},{\"@type\":\"BreadcrumbList\",\"@id\":\"https:\\\/\\\/www.ellab.pro\\\/fr\\\/travailler-chez-ellab\\\/carriere\\\/#breadcrumb\",\"itemListElement\":[{\"@type\":\"ListItem\",\"position\":1,\"name\":\"Home\",\"item\":\"https:\\\/\\\/www.ellab.pro\\\/fr\\\/home\\\/\"},{\"@type\":\"ListItem\",\"position\":2,\"name\":\"Travailler chez Ellab\",\"item\":\"https:\\\/\\\/www.ellab.pro\\\/fr\\\/travailler-chez-ellab\\\/\"},{\"@type\":\"ListItem\",\"position\":3,\"name\":\"Carri\u00e8res\"}]},{\"@type\":\"WebSite\",\"@id\":\"https:\\\/\\\/www.ellab.pro\\\/fr\\\/#website\",\"url\":\"https:\\\/\\\/www.ellab.pro\\\/fr\\\/\",\"name\":\"Ellab\",\"description\":\"\",\"potentialAction\":[{\"@type\":\"SearchAction\",\"target\":{\"@type\":\"EntryPoint\",\"urlTemplate\":\"https:\\\/\\\/www.ellab.pro\\\/fr\\\/?s={search_term_string}\"},\"query-input\":{\"@type\":\"PropertyValueSpecification\",\"valueRequired\":true,\"valueName\":\"search_term_string\"}}],\"inLanguage\":\"fr-FR\"}]}<\/script>\n<!-- \/ Yoast SEO Premium plugin. -->","yoast_head_json":{"title":"Opportunit\u00e9s de carri\u00e8re chez Ellab | Consultez nos postes ouverts","description":"Jetez un \u0153il et rejoignez-nous dans notre mission visant \u00e0 assurer la s\u00e9curit\u00e9 des consommateurs et des patients \u00e0 travers le monde.","robots":{"index":"noindex","follow":"follow","max-snippet":"max-snippet:-1","max-image-preview":"max-image-preview:large","max-video-preview":"max-video-preview:-1"},"og_locale":"fr_FR","og_type":"article","og_title":"Carri\u00e8res","og_description":"Jetez un \u0153il et rejoignez-nous dans notre mission visant \u00e0 assurer la s\u00e9curit\u00e9 des consommateurs et des patients \u00e0 travers le monde.","og_url":"https:\/\/www.ellab.pro\/fr\/travailler-chez-ellab\/carriere\/","og_site_name":"Ellab","article_modified_time":"2026-03-23T16:04:27+00:00","twitter_card":"summary_large_image","schema":{"@context":"https:\/\/schema.org","@graph":[{"@type":"WebPage","@id":"https:\/\/www.ellab.pro\/fr\/travailler-chez-ellab\/carriere\/","url":"https:\/\/www.ellab.pro\/fr\/travailler-chez-ellab\/carriere\/","name":"Opportunit\u00e9s de carri\u00e8re chez Ellab | Consultez nos postes ouverts","isPartOf":{"@id":"https:\/\/www.ellab.pro\/fr\/#website"},"datePublished":"2026-02-23T11:28:50+00:00","dateModified":"2026-03-23T16:04:27+00:00","description":"Jetez un \u0153il et rejoignez-nous dans notre mission visant \u00e0 assurer la s\u00e9curit\u00e9 des consommateurs et des patients \u00e0 travers le monde.","breadcrumb":{"@id":"https:\/\/www.ellab.pro\/fr\/travailler-chez-ellab\/carriere\/#breadcrumb"},"inLanguage":"fr-FR","potentialAction":[{"@type":"ReadAction","target":["https:\/\/www.ellab.pro\/fr\/travailler-chez-ellab\/carriere\/"]}]},{"@type":"BreadcrumbList","@id":"https:\/\/www.ellab.pro\/fr\/travailler-chez-ellab\/carriere\/#breadcrumb","itemListElement":[{"@type":"ListItem","position":1,"name":"Home","item":"https:\/\/www.ellab.pro\/fr\/home\/"},{"@type":"ListItem","position":2,"name":"Travailler chez Ellab","item":"https:\/\/www.ellab.pro\/fr\/travailler-chez-ellab\/"},{"@type":"ListItem","position":3,"name":"Carri\u00e8res"}]},{"@type":"WebSite","@id":"https:\/\/www.ellab.pro\/fr\/#website","url":"https:\/\/www.ellab.pro\/fr\/","name":"Ellab","description":"","potentialAction":[{"@type":"SearchAction","target":{"@type":"EntryPoint","urlTemplate":"https:\/\/www.ellab.pro\/fr\/?s={search_term_string}"},"query-input":{"@type":"PropertyValueSpecification","valueRequired":true,"valueName":"search_term_string"}}],"inLanguage":"fr-FR"}]}},"_links":{"self":[{"href":"https:\/\/www.ellab.pro\/fr\/wp-json\/wp\/v2\/pages\/18262","targetHints":{"allow":["GET"]}}],"collection":[{"href":"https:\/\/www.ellab.pro\/fr\/wp-json\/wp\/v2\/pages"}],"about":[{"href":"https:\/\/www.ellab.pro\/fr\/wp-json\/wp\/v2\/types\/page"}],"author":[{"embeddable":true,"href":"https:\/\/www.ellab.pro\/fr\/wp-json\/wp\/v2\/users\/2456"}],"replies":[{"embeddable":true,"href":"https:\/\/www.ellab.pro\/fr\/wp-json\/wp\/v2\/comments?post=18262"}],"version-history":[{"count":1,"href":"https:\/\/www.ellab.pro\/fr\/wp-json\/wp\/v2\/pages\/18262\/revisions"}],"predecessor-version":[{"id":18263,"href":"https:\/\/www.ellab.pro\/fr\/wp-json\/wp\/v2\/pages\/18262\/revisions\/18263"}],"up":[{"embeddable":true,"href":"https:\/\/www.ellab.pro\/fr\/wp-json\/wp\/v2\/pages\/18272"}],"wp:attachment":[{"href":"https:\/\/www.ellab.pro\/fr\/wp-json\/wp\/v2\/media?parent=18262"}],"curies":[{"name":"wp","href":"https:\/\/api.w.org\/{rel}","templated":true}]}}